{"id":571,"date":"2024-04-25T22:49:14","date_gmt":"2024-04-25T20:49:14","guid":{"rendered":"https:\/\/mycaraddict.fr\/?page_id=571"},"modified":"2024-05-15T21:29:26","modified_gmt":"2024-05-15T19:29:26","slug":"collectible","status":"publish","type":"page","link":"https:\/\/mycaraddict.fr\/index.php\/collectible\/","title":{"rendered":"Collectible"},"content":{"rendered":"<p>[et_pb_section fb_built=\u00a0\u00bb1&Prime; _builder_version=\u00a0\u00bb4.24.3&Prime; _module_preset=\u00a0\u00bbdefault\u00a0\u00bb global_colors_info=\u00a0\u00bb{}\u00a0\u00bb][et_pb_row module_class=\u00a0\u00bbinvert\u00a0\u00bb _builder_version=\u00a0\u00bb4.24.3&Prime; _module_preset=\u00a0\u00bbdefault\u00a0\u00bb use_background_color_gradient=\u00a0\u00bbon\u00a0\u00bb background_color_gradient_direction=\u00a0\u00bb45deg\u00a0\u00bb background_color_gradient_stops=\u00a0\u00bb#398def 0%|#0bd9ba 100%\u00a0\u00bb width=\u00a0\u00bb95%\u00a0\u00bb custom_padding=\u00a0\u00bb70px|40px|70px|40px|true|true\u00a0\u00bb border_radii=\u00a0\u00bbon|10px|10px|10px|10px\u00a0\u00bb global_colors_info=\u00a0\u00bb{}\u00a0\u00bb][et_pb_column type=\u00a0\u00bb4_4&Prime; _builder_version=\u00a0\u00bb4.24.3&Prime; _module_preset=\u00a0\u00bbdefault\u00a0\u00bb global_colors_info=\u00a0\u00bb{}\u00a0\u00bb][et_pb_text _builder_version=\u00a0\u00bb4.24.3&Prime; _module_preset=\u00a0\u00bbdefault\u00a0\u00bb custom_margin=\u00a0\u00bb||20px||false|false\u00a0\u00bb global_colors_info=\u00a0\u00bb{}\u00a0\u00bb]<\/p>\n<h1 style=\"text-align: center;\">Retrouvez ici tous les mod\u00e8les de voiture disponible<\/h1>\n<p>[\/et_pb_text][et_pb_text _builder_version=\u00a0\u00bb4.24.3&Prime; _module_preset=\u00a0\u00bbdefault\u00a0\u00bb global_colors_info=\u00a0\u00bb{}\u00a0\u00bb]<\/p>\n<p style=\"text-align: center;\">Les tableaux apparaissent en rouge, mais vous pouvez en changer la couleur en cliquant sur le tableau souhait\u00e9 !<\/p>\n<p>[\/et_pb_text][\/et_pb_column][\/et_pb_row][\/et_pb_section][et_pb_section fb_built=\u00a0\u00bb1&Prime; _builder_version=\u00a0\u00bb4.24.3&Prime; _module_preset=\u00a0\u00bbdefault\u00a0\u00bb custom_padding=\u00a0\u00bb0px|||||\u00a0\u00bb global_colors_info=\u00a0\u00bb{}\u00a0\u00bb][et_pb_row column_structure=\u00a0\u00bb1_4,3_4&Prime; use_custom_gutter=\u00a0\u00bbon\u00a0\u00bb gutter_width=\u00a0\u00bb2&Prime; _builder_version=\u00a0\u00bb4.24.3&Prime; _module_preset=\u00a0\u00bbdefault\u00a0\u00bb width=\u00a0\u00bb95%\u00a0\u00bb global_colors_info=\u00a0\u00bb{}\u00a0\u00bb][et_pb_column type=\u00a0\u00bb1_4&Prime; _builder_version=\u00a0\u00bb4.24.3&Prime; _module_preset=\u00a0\u00bbdefault\u00a0\u00bb global_colors_info=\u00a0\u00bb{}\u00a0\u00bb][et_pb_code _builder_version=\u00a0\u00bb4.24.3&Prime; _module_preset=\u00a0\u00bbdefault\u00a0\u00bb global_colors_info=\u00a0\u00bb{}\u00a0\u00bb]        <form\n\t\t\tdata-post-id=\"571\"\n\t\t\tdata-slug=\"filtre_collectible\"\n\t\t\taction=\"https:\/\/mycaraddict.fr\/index.php\/boutique\/\"\n\t\t\tdata-shop=\"https:\/\/mycaraddict.fr\/index.php\/boutique\/\"\n\t\t\tmethod=\"get\"\n\t\t\tclass=\"wpf_form wpf_form_filtre_collectible wpf_submit_on_change\"\n\t\t\tstyle=\"visibility: hidden;\"\n\t\t\tdata-infinitybuffer=\"300\"\n\t\t>\n            <input type=\"hidden\" name=\"wpf\" value=\"filtre_collectible\" \/>\n\t\t\t<input type=\"hidden\" name=\"orderby\" value=\"\" \/>\n\t\t\t<input type=\"hidden\" name=\"wpf_cols\" value=\"\" \/>\n\t\t\t<input type=\"hidden\" name=\"wpf_page\" value=\"1\" \/>\n\t\t\t                        <div class=\"wpf_items_wrapper wpf_layout_vertical\">\n                                                                                                                <div class=\"wpf_item wpf_item_wpf_tag\">\n                                                                    <label class=\"wpf_item_name\">Marque du mod\u00e8le<\/label>\n                                                                                                <ul class=\"wpf_column_vertical\">\n                                                                                        \n                    \n                            <li class=\"wpf_product_tag_73\">\n                                                                    <input   id=\"wpf_filtre_collectible_73\" type=\"checkbox\" name=\"wpf_marque-du-modele[]\" value=\"abarth\" \/>\n                        <label                                 for=\"wpf_filtre_collectible_73\">\n                            Abarth                                                    <\/label>\n                    \n                                                        <\/li>\n                                \n                            <li class=\"wpf_product_tag_22\">\n                                                                    <input   id=\"wpf_filtre_collectible_22\" type=\"checkbox\" name=\"wpf_marque-du-modele[]\" value=\"alfa-romeo\" \/>\n                        <label                                 for=\"wpf_filtre_collectible_22\">\n                            Alfa Romeo                                                    <\/label>\n                    \n                                                        <\/li>\n                                \n                            <li class=\"wpf_product_tag_30\">\n                                                                    <input   id=\"wpf_filtre_collectible_30\" type=\"checkbox\" name=\"wpf_marque-du-modele[]\" value=\"audi\" \/>\n                        <label                                 for=\"wpf_filtre_collectible_30\">\n                            Audi                                                    <\/label>\n                    \n                                                        <\/li>\n                                \n                            <li class=\"wpf_product_tag_72\">\n                                                                    <input   id=\"wpf_filtre_collectible_72\" type=\"checkbox\" name=\"wpf_marque-du-modele[]\" value=\"bmw\" \/>\n                        <label                                 for=\"wpf_filtre_collectible_72\">\n                            BMW                                                    <\/label>\n                    \n                                                        <\/li>\n                                \n                            <li class=\"wpf_product_tag_59\">\n                                                                    <input   id=\"wpf_filtre_collectible_59\" type=\"checkbox\" name=\"wpf_marque-du-modele[]\" value=\"mercedes\" \/>\n                        <label                                 for=\"wpf_filtre_collectible_59\">\n                            Mercedes                                                    <\/label>\n                    \n                                                        <\/li>\n                                \n                            <li class=\"wpf_product_tag_29\">\n                                                                    <input   id=\"wpf_filtre_collectible_29\" type=\"checkbox\" name=\"wpf_marque-du-modele[]\" value=\"porsche\" \/>\n                        <label                                 for=\"wpf_filtre_collectible_29\">\n                            Porsche                                                    <\/label>\n                    \n                                                        <\/li>\n                                \n                            <li class=\"wpf_product_tag_28\">\n                                                                    <input   id=\"wpf_filtre_collectible_28\" type=\"checkbox\" name=\"wpf_marque-du-modele[]\" value=\"renault\" \/>\n                        <label                                 for=\"wpf_filtre_collectible_28\">\n                            Renault                                                    <\/label>\n                    \n                                                        <\/li>\n                                \n                            <li class=\"wpf_product_tag_31\">\n                                                                    <input   id=\"wpf_filtre_collectible_31\" type=\"checkbox\" name=\"wpf_marque-du-modele[]\" value=\"seat\" \/>\n                        <label                                 for=\"wpf_filtre_collectible_31\">\n                            Seat                                                    <\/label>\n                    \n                                                        <\/li>\n                                \n                            <li class=\"wpf_product_tag_58\">\n                                                                    <input   id=\"wpf_filtre_collectible_58\" type=\"checkbox\" name=\"wpf_marque-du-modele[]\" value=\"volkswagen\" \/>\n                        <label                                 for=\"wpf_filtre_collectible_58\">\n                            Volkswagen                                                    <\/label>\n                    \n                                                        <\/li>\n                                                                                                            <\/ul>\t\t\t\t\t\t\t\t\t                                                            <\/div>\n                                                                        <\/div>\n            \n\t\t\t<div class=\"wpf-no-products-found\" style=\"display: none;\">\n\t\t\t\t<p class=\"woocommerce-info\">Aucun produit trouv\u00e9<\/p>\n\t\t\t<\/div>\n        <\/form>\n        [\/et_pb_code][\/et_pb_column][et_pb_column type=\u00a0\u00bb3_4&Prime; _builder_version=\u00a0\u00bb4.24.3&Prime; _module_preset=\u00a0\u00bbdefault\u00a0\u00bb global_colors_info=\u00a0\u00bb{}\u00a0\u00bb][et_pb_shop type=\u00a0\u00bbproduct_category\u00a0\u00bb show_pagination=\u00a0\u00bbon\u00a0\u00bb include_categories=\u00a0\u00bb27&Prime; columns_number=\u00a0\u00bb4&Prime; icon_hover_color=\u00a0\u00bbRGBA(255,255,255,0)\u00a0\u00bb hover_overlay_color=\u00a0\u00bbRGBA(255,255,255,0)\u00a0\u00bb module_class=\u00a0\u00bbproducts-4-columns\u00a0\u00bb _builder_version=\u00a0\u00bb4.24.3&Prime; _module_preset=\u00a0\u00bbdefault\u00a0\u00bb global_colors_info=\u00a0\u00bb{}\u00a0\u00bb][\/et_pb_shop][et_pb_text _builder_version=\u00a0\u00bb4.24.3&Prime; _module_preset=\u00a0\u00bbdefault\u00a0\u00bb hover_enabled=\u00a0\u00bb0&Prime; global_colors_info=\u00a0\u00bb{}\u00a0\u00bb sticky_enabled=\u00a0\u00bb0&Prime;]<\/p>\n<h3 style=\"text-align: left;\">Vous ne trouvez pas votre mod\u00e8le de voiture ?<\/h3>\n<p style=\"text-align: left;\">Faites nous une suggestion sur le prochain mod\u00e8le \u00e0 sortir en remplissant le formulaire ci-dessous. (ex. : BMW &#8211; M4 &#8211; G82)<\/p>\n<p>[\/et_pb_text][et_pb_code _builder_version=\u00a0\u00bb4.24.3&Prime; _module_preset=\u00a0\u00bbdefault\u00a0\u00bb global_colors_info=\u00a0\u00bb{}\u00a0\u00bb]\n<div class=\"wpcf7 no-js\" id=\"wpcf7-f593-o1\" lang=\"fr-FR\" dir=\"ltr\">\n<div class=\"screen-reader-response\"><p role=\"status\" aria-live=\"polite\" aria-atomic=\"true\"><\/p> <ul><\/ul><\/div>\n<form action=\"\/index.php\/wp-json\/wp\/v2\/pages\/571#wpcf7-f593-o1\" method=\"post\" class=\"wpcf7-form init\" aria-label=\"Formulaire de contact\" novalidate=\"novalidate\" data-status=\"init\">\n<div style=\"display: none;\">\n<input type=\"hidden\" name=\"_wpcf7\" value=\"593\" \/>\n<input type=\"hidden\" name=\"_wpcf7_version\" value=\"5.9.5\" \/>\n<input type=\"hidden\" name=\"_wpcf7_locale\" value=\"fr_FR\" \/>\n<input type=\"hidden\" name=\"_wpcf7_unit_tag\" value=\"wpcf7-f593-o1\" \/>\n<input type=\"hidden\" name=\"_wpcf7_container_post\" value=\"0\" \/>\n<input type=\"hidden\" name=\"_wpcf7_posted_data_hash\" value=\"\" \/>\n<input type=\"hidden\" name=\"_wpcf7_recaptcha_response\" value=\"\" \/>\n<\/div>\n<div class=\"grid _3\">\n\t<div>\n\t\t<p><label> Marque*<br \/>\n<span class=\"wpcf7-form-control-wrap\" data-name=\"marque\"><input size=\"40\" class=\"wpcf7-form-control wpcf7-text wpcf7-validates-as-required\" aria-required=\"true\" aria-invalid=\"false\" value=\"\" type=\"text\" name=\"marque\" \/><\/span> <\/label>\n\t\t<\/p>\n\t<\/div>\n\t<div>\n\t\t<p><label> Mod\u00e8le*<br \/>\n<span class=\"wpcf7-form-control-wrap\" data-name=\"modele\"><input size=\"40\" class=\"wpcf7-form-control wpcf7-text wpcf7-validates-as-required\" aria-required=\"true\" aria-invalid=\"false\" value=\"\" type=\"text\" name=\"modele\" \/><\/span> <\/label>\n\t\t<\/p>\n\t<\/div>\n\t<div>\n\t\t<p><label> G\u00e9n\u00e9ration*<br \/>\n<span class=\"wpcf7-form-control-wrap\" data-name=\"generation\"><input size=\"40\" class=\"wpcf7-form-control wpcf7-text wpcf7-validates-as-required\" aria-required=\"true\" aria-invalid=\"false\" value=\"\" type=\"text\" name=\"generation\" \/><\/span> <\/label>\n\t\t<\/p>\n\t<\/div>\n<\/div>\n<p><input class=\"wpcf7-form-control wpcf7-submit has-spinner\" type=\"submit\" value=\"Envoyer\" \/>\n<\/p><div class=\"wpcf7-response-output\" aria-hidden=\"true\"><\/div>\n<\/form>\n<\/div>\n[\/et_pb_code][\/et_pb_column][\/et_pb_row][\/et_pb_section]<\/p>\n","protected":false},"excerpt":{"rendered":"<p>Retrouvez ici tous les mod\u00e8les de voiture disponibleLes tableaux apparaissent en rouge, mais vous pouvez en changer la couleur en cliquant sur le tableau souhait\u00e9 !        <form\n\t\t\tdata-post-id=\"571\"\n\t\t\tdata-slug=\"filtre_collectible\"\n\t\t\taction=\"https:\/\/mycaraddict.fr\/index.php\/boutique\/\"\n\t\t\tdata-shop=\"https:\/\/mycaraddict.fr\/index.php\/boutique\/\"\n\t\t\tmethod=\"get\"\n\t\t\tclass=\"wpf_form wpf_form_filtre_collectible wpf_submit_on_change\"\n\t\t\tstyle=\"visibility: hidden;\"\n\t\t\tdata-infinitybuffer=\"300\"\n\t\t>\n            <input type=\"hidden\" name=\"wpf\" value=\"filtre_collectible\" \/>\n\t\t\t<input type=\"hidden\" name=\"orderby\" value=\"\" \/>\n\t\t\t<input type=\"hidden\" name=\"wpf_cols\" value=\"\" \/>\n\t\t\t<input type=\"hidden\" name=\"wpf_page\" value=\"1\" \/>\n\t\t\t                        <div class=\"wpf_items_wrapper wpf_layout_vertical\">\n                                                                                                                <div class=\"wpf_item wpf_item_wpf_tag\">\n                                                                    <label class=\"wpf_item_name\">Marque du mod\u00e8le<\/label>\n                                                                                                <ul class=\"wpf_column_vertical\">\n                                                                                        \n                    \n                            <li class=\"wpf_product_tag_73\">\n                                                                    <input   id=\"wpf_filtre_collectible_73\" type=\"checkbox\" name=\"wpf_marque-du-modele[]\" value=\"abarth\" \/>\n                        <label                                 for=\"wpf_filtre_collectible_73\">\n                            Abarth                                                    <\/label>\n                    \n                                                        <\/li>\n                                \n                            <li class=\"wpf_product_tag_22\">\n                                                                    <input   id=\"wpf_filtre_collectible_22\" type=\"checkbox\" name=\"wpf_marque-du-modele[]\" value=\"alfa-romeo\" \/>\n                        <label                                 for=\"wpf_filtre_collectible_22\">\n                            Alfa Romeo                                                    <\/label>\n                    \n                                                        <\/li>\n                                \n                            <li class=\"wpf_product_tag_30\">\n                                                                    <input   id=\"wpf_filtre_collectible_30\" type=\"checkbox\" name=\"wpf_marque-du-modele[]\" value=\"audi\" \/>\n                        <label                                 for=\"wpf_filtre_collectible_30\">\n                            Audi                                                    <\/label>\n                    \n                                                        <\/li>\n                                \n                            <li class=\"wpf_product_tag_72\">\n                                                                    <input   id=\"wpf_filtre_collectible_72\" type=\"checkbox\" name=\"wpf_marque-du-modele[]\" value=\"bmw\" \/>\n                        <label                                 for=\"wpf_filtre_collectible_72\">\n                            BMW                                                    <\/label>\n                    \n                                                        <\/li>\n                                \n                            <li class=\"wpf_product_tag_59\">\n                                                                    <input   id=\"wpf_filtre_collectible_59\" type=\"checkbox\" name=\"wpf_marque-du-modele[]\" value=\"mercedes\" \/>\n                        <label                                 for=\"wpf_filtre_collectible_59\">\n                            Mercedes                                                    <\/label>\n                    \n                                                        <\/li>\n                                \n                            <li class=\"wpf_product_tag_29\">\n                                                                    <input   id=\"wpf_filtre_collectible_29\" type=\"checkbox\" name=\"wpf_marque-du-modele[]\" value=\"porsche\" \/>\n                        <label                                 for=\"wpf_filtre_collectible_29\">\n                            Porsche                                                    <\/label>\n                    \n                                                        <\/li>\n                                \n                            <li class=\"wpf_product_tag_28\">\n                                                                    <input   id=\"wpf_filtre_collectible_28\" type=\"checkbox\" name=\"wpf_marque-du-modele[]\" value=\"renault\" \/>\n                        <label                                 for=\"wpf_filtre_collectible_28\">\n                            Renault                                                    <\/label>\n                    \n                                                        <\/li>\n                                \n                            <li class=\"wpf_product_tag_31\">\n                                                                    <input   id=\"wpf_filtre_collectible_31\" type=\"checkbox\" name=\"wpf_marque-du-modele[]\" value=\"seat\" \/>\n                        <label                                 for=\"wpf_filtre_collectible_31\">\n                            Seat                                                    <\/label>\n                    \n                                                        <\/li>\n                                \n                            <li class=\"wpf_product_tag_58\">\n                                                                    <input   id=\"wpf_filtre_collectible_58\" type=\"checkbox\" name=\"wpf_marque-du-modele[]\" value=\"volkswagen\" \/>\n                        <label                                 for=\"wpf_filtre_collectible_58\">\n                            Volkswagen                                                    <\/label>\n                    \n                                                        <\/li>\n                                                                                                            <\/ul>\t\t\t\t\t\t\t\t\t                                                            <\/div>\n                                                                        <\/div>\n            \n\t\t\t<div class=\"wpf-no-products-found\" style=\"display: none;\">\n\t\t\t\t<p class=\"woocommerce-info\">Aucun produit trouv\u00e9<\/p>\n\t\t\t<\/div>\n        <\/form>\n        Vous ne trouvez pas votre mod\u00e8le de voiture ? Faites nous une suggestion sur le prochain mod\u00e8le \u00e0 sortir en remplissant le formulaire ci-dessous. (ex. : BMW &#8211; M4 [&hellip;]<\/p>\n","protected":false},"author":1,"featured_media":0,"parent":0,"menu_order":0,"comment_status":"closed","ping_status":"closed","template":"","meta":{"_et_pb_use_builder":"on","_et_pb_old_content":"","_et_gb_content_width":"","inline_featured_image":false,"footnotes":""},"class_list":["post-571","page","type-page","status-publish","hentry"],"_links":{"self":[{"href":"https:\/\/mycaraddict.fr\/index.php\/wp-json\/wp\/v2\/pages\/571","targetHints":{"allow":["GET"]}}],"collection":[{"href":"https:\/\/mycaraddict.fr\/index.php\/wp-json\/wp\/v2\/pages"}],"about":[{"href":"https:\/\/mycaraddict.fr\/index.php\/wp-json\/wp\/v2\/types\/page"}],"author":[{"embeddable":true,"href":"https:\/\/mycaraddict.fr\/index.php\/wp-json\/wp\/v2\/users\/1"}],"replies":[{"embeddable":true,"href":"https:\/\/mycaraddict.fr\/index.php\/wp-json\/wp\/v2\/comments?post=571"}],"version-history":[{"count":24,"href":"https:\/\/mycaraddict.fr\/index.php\/wp-json\/wp\/v2\/pages\/571\/revisions"}],"predecessor-version":[{"id":789,"href":"https:\/\/mycaraddict.fr\/index.php\/wp-json\/wp\/v2\/pages\/571\/revisions\/789"}],"wp:attachment":[{"href":"https:\/\/mycaraddict.fr\/index.php\/wp-json\/wp\/v2\/media?parent=571"}],"curies":[{"name":"wp","href":"https:\/\/api.w.org\/{rel}","templated":true}]}}