{"id":61,"date":"2024-04-09T23:03:43","date_gmt":"2024-04-09T21:03:43","guid":{"rendered":"https:\/\/mycaraddict.fr\/?page_id=61"},"modified":"2024-05-01T12:03:40","modified_gmt":"2024-05-01T10:03:40","slug":"my-car-addict","status":"publish","type":"page","link":"https:\/\/mycaraddict.fr\/","title":{"rendered":"My Car Addict"},"content":{"rendered":"<p>[et_pb_section fb_built=\u00a0\u00bb1&Prime; _builder_version=\u00a0\u00bb4.24.3&Prime; _module_preset=\u00a0\u00bbdefault\u00a0\u00bb custom_padding=\u00a0\u00bb20px||20px||true|false\u00a0\u00bb global_colors_info=\u00a0\u00bb{}\u00a0\u00bb][et_pb_row _builder_version=\u00a0\u00bb4.24.3&Prime; _module_preset=\u00a0\u00bbdefault\u00a0\u00bb width=\u00a0\u00bb95%\u00a0\u00bb custom_margin=\u00a0\u00bb||0px||false|false\u00a0\u00bb global_colors_info=\u00a0\u00bb{}\u00a0\u00bb][et_pb_column type=\u00a0\u00bb4_4&Prime; _builder_version=\u00a0\u00bb4.24.3&Prime; _module_preset=\u00a0\u00bbdefault\u00a0\u00bb global_colors_info=\u00a0\u00bb{}\u00a0\u00bb][et_pb_text _builder_version=\u00a0\u00bb4.24.3&Prime; _module_preset=\u00a0\u00bbdefault\u00a0\u00bb custom_margin=\u00a0\u00bb||10px||false|false\u00a0\u00bb global_colors_info=\u00a0\u00bb{}\u00a0\u00bb]<\/p>\n<h1 style=\"text-align: center;\">D\u00e9corez avec votre passion !<\/h1>\n<p>[\/et_pb_text][et_pb_text _builder_version=\u00a0\u00bb4.24.3&Prime; _module_preset=\u00a0\u00bbdefault\u00a0\u00bb global_colors_info=\u00a0\u00bb{}\u00a0\u00bb]<\/p>\n<p style=\"text-align: center;\" class=\"text-lg\">Affichez fi\u00e8rement votre passion pour le monde de l&rsquo;automobile.<br \/>Illustration vectorielle 100% sur mesure et impression sur poster, toile ou plexiglas.<\/p>\n<p>[\/et_pb_text][\/et_pb_column][\/et_pb_row][et_pb_row _builder_version=\u00a0\u00bb4.24.3&Prime; _module_preset=\u00a0\u00bbdefault\u00a0\u00bb width=\u00a0\u00bb95%\u00a0\u00bb custom_padding=\u00a0\u00bb20px||||false|false\u00a0\u00bb global_colors_info=\u00a0\u00bb{}\u00a0\u00bb][et_pb_column type=\u00a0\u00bb4_4&Prime; _builder_version=\u00a0\u00bb4.24.3&Prime; _module_preset=\u00a0\u00bbdefault\u00a0\u00bb global_colors_info=\u00a0\u00bb{}\u00a0\u00bb][et_pb_code _builder_version=\u00a0\u00bb4.24.3&Prime; _module_preset=\u00a0\u00bbdefault\u00a0\u00bb custom_css_free_form=\u00a0\u00bbselector article:nth-child(2){||  background:linear-gradient(0deg, #00000090, transparent),url(%22http:\/\/mycaraddict.fr\/wp-content\/uploads\/2024\/04\/hero_home_2.jpg%22);||}||selector article:nth-child(3){||  background:linear-gradient(0deg, #00000090, transparent),url(%22http:\/\/mycaraddict.fr\/wp-content\/uploads\/2024\/04\/hero_home_3.jpg%22);||}\u00a0\u00bb global_colors_info=\u00a0\u00bb{}\u00a0\u00bb]<\/p>\n<div class=\"grid _2 invert\" id=\"home-hero\"><!-- [et_pb_line_break_holder] -->  <\/p>\n<article><!-- [et_pb_line_break_holder] -->    <pee class=\"back-title\">Tableau personnalis\u00e9<\/pee><!-- [et_pb_line_break_holder] -->    <\/p>\n<h2>Votre tableau sur-mesure est \u00e0 port\u00e9e de mains<\/h2>\n<p><!-- [et_pb_line_break_holder] -->    <a href=\"https:\/\/mycaraddict.fr\/index.php\/commande-personnalisee\/\" class=\"button first white clear\"><pee>Personnaliser mon tableau <span class=\"material-icons-outlined\">arrow_forward<\/span><\/pee><\/a><!-- [et_pb_line_break_holder] -->  <\/article>\n<p><!-- [et_pb_line_break_holder] -->  <\/p>\n<article class=\"full-bloc-link\"><!-- [et_pb_line_break_holder] -->    <a href=\"https:\/\/mycaraddict.fr\/index.php\/collectible\"><!-- [et_pb_line_break_holder] -->      <pee class=\"back-title\">Tous nos mod\u00e8les<\/pee><!-- [et_pb_line_break_holder] -->    \t<\/p>\n<h2>Trouvez votre mod\u00e8le de voiture<\/h2>\n<p><!-- [et_pb_line_break_holder] -->      <pee class=\"second-link\">Explorez tous nos mod\u00e8les <span class=\"material-icons-outlined\">arrow_forward<\/span><\/pee><!-- [et_pb_line_break_holder] -->    <\/a><!-- [et_pb_line_break_holder] -->  <\/article>\n<p><!-- [et_pb_line_break_holder] -->  <\/p>\n<article class=\"full-bloc-link\"><!-- [et_pb_line_break_holder] -->    <a href=\"https:\/\/mycaraddict.fr\/index.php\/univers\/\"><!-- [et_pb_line_break_holder] -->      <pee class=\"back-title\">Tableau personnalis\u00e9<\/pee><!-- [et_pb_line_break_holder] -->    \t<\/p>\n<h2>D\u00e9couvrez toutes nos collections<\/h2>\n<p><!-- [et_pb_line_break_holder] -->      <pee class=\"second-link\">D\u00e9couvrez nos univers <span class=\"material-icons-outlined\">arrow_forward<\/span><\/pee><!-- [et_pb_line_break_holder] -->    <\/a><!-- [et_pb_line_break_holder] -->  <\/article>\n<p><!-- [et_pb_line_break_holder] --><\/div>\n<p>[\/et_pb_code][\/et_pb_column][\/et_pb_row][\/et_pb_section][et_pb_section fb_built=\u00a0\u00bb1&Prime; _builder_version=\u00a0\u00bb4.24.3&Prime; _module_preset=\u00a0\u00bbdefault\u00a0\u00bb custom_padding=\u00a0\u00bb0px||0px||false|false\u00a0\u00bb global_colors_info=\u00a0\u00bb{}\u00a0\u00bb][et_pb_row _builder_version=\u00a0\u00bb4.24.3&Prime; _module_preset=\u00a0\u00bbdefault\u00a0\u00bb width=\u00a0\u00bb95%\u00a0\u00bb global_colors_info=\u00a0\u00bb{}\u00a0\u00bb][et_pb_column type=\u00a0\u00bb4_4&Prime; _builder_version=\u00a0\u00bb4.24.3&Prime; _module_preset=\u00a0\u00bbdefault\u00a0\u00bb global_colors_info=\u00a0\u00bb{}\u00a0\u00bb][et_pb_text _builder_version=\u00a0\u00bb4.24.3&Prime; _module_preset=\u00a0\u00bbdefault\u00a0\u00bb custom_margin=\u00a0\u00bb||0px||false|false\u00a0\u00bb custom_padding=\u00a0\u00bb||0px||false|false\u00a0\u00bb global_colors_info=\u00a0\u00bb{}\u00a0\u00bb]<\/p>\n<h2 style=\"text-align: left;\">Nos derniers tableaux<\/h2>\n<p>[\/et_pb_text][et_pb_shop type=\u00a0\u00bbproduct_category\u00a0\u00bb posts_number=\u00a0\u00bb6&Prime; include_categories=\u00a0\u00bb27&Prime; columns_number=\u00a0\u00bb6&Prime; icon_hover_color=\u00a0\u00bbRGBA(255,255,255,0)\u00a0\u00bb hover_overlay_color=\u00a0\u00bbRGBA(255,255,255,0)\u00a0\u00bb show_rating=\u00a0\u00bboff\u00a0\u00bb module_id=\u00a0\u00bblast-products\u00a0\u00bb _builder_version=\u00a0\u00bb4.24.3&Prime; _module_preset=\u00a0\u00bbdefault\u00a0\u00bb global_colors_info=\u00a0\u00bb{}\u00a0\u00bb][\/et_pb_shop][\/et_pb_column][\/et_pb_row][\/et_pb_section][et_pb_section fb_built=\u00a0\u00bb1&Prime; _builder_version=\u00a0\u00bb4.24.3&Prime; _module_preset=\u00a0\u00bbdefault\u00a0\u00bb custom_padding=\u00a0\u00bb40px||20px||false|false\u00a0\u00bb global_colors_info=\u00a0\u00bb{}\u00a0\u00bb][et_pb_row module_class=\u00a0\u00bblight-gray-bg\u00a0\u00bb _builder_version=\u00a0\u00bb4.24.3&Prime; _module_preset=\u00a0\u00bbdefault\u00a0\u00bb width=\u00a0\u00bb95%\u00a0\u00bb custom_margin=\u00a0\u00bb||40px||false|false\u00a0\u00bb custom_padding=\u00a0\u00bb40px|40px|40px|40px|true|true\u00a0\u00bb border_radii=\u00a0\u00bbon|10px|10px|10px|10px\u00a0\u00bb global_colors_info=\u00a0\u00bb{}\u00a0\u00bb][et_pb_column type=\u00a0\u00bb4_4&Prime; _builder_version=\u00a0\u00bb4.24.3&Prime; _module_preset=\u00a0\u00bbdefault\u00a0\u00bb global_colors_info=\u00a0\u00bb{}\u00a0\u00bb][et_pb_text _builder_version=\u00a0\u00bb4.24.3&Prime; _module_preset=\u00a0\u00bbdefault\u00a0\u00bb custom_margin=\u00a0\u00bb||0px||false|false\u00a0\u00bb custom_padding=\u00a0\u00bb||0px||false|false\u00a0\u00bb global_colors_info=\u00a0\u00bb{}\u00a0\u00bb]<\/p>\n<h2>MyCarAddict, qu&rsquo;est ce que c&rsquo;est ?<\/h2>\n<p>[\/et_pb_text][et_pb_text _builder_version=\u00a0\u00bb4.24.3&Prime; _module_preset=\u00a0\u00bbdefault\u00a0\u00bb global_colors_info=\u00a0\u00bb{}\u00a0\u00bb]<\/p>\n<p class=\"text-lg\" style=\"text-align: left;\">MyCarAddict est l\u00e0 o\u00f9 votre passion pour les voitures devient une \u0153uvre d&rsquo;art personnalis\u00e9e.<\/p>\n<p class=\"text-lg\" style=\"text-align: left;\">Que ce soit pour d\u00e9corer votre garage, votre bureau ou votre salon, nos illustrations vectorielles 100% faites \u00e0 la main ajoutent une touche d&rsquo;\u00e9l\u00e9gance et de personnalit\u00e9 \u00e0 n&rsquo;importe quel espace.<\/p>\n<p>[\/et_pb_text][\/et_pb_column][\/et_pb_row][et_pb_row _builder_version=\u00a0\u00bb4.24.3&Prime; _module_preset=\u00a0\u00bbdefault\u00a0\u00bb width=\u00a0\u00bb95%\u00a0\u00bb global_colors_info=\u00a0\u00bb{}\u00a0\u00bb][et_pb_column type=\u00a0\u00bb4_4&Prime; _builder_version=\u00a0\u00bb4.24.3&Prime; _module_preset=\u00a0\u00bbdefault\u00a0\u00bb global_colors_info=\u00a0\u00bb{}\u00a0\u00bb][et_pb_text _builder_version=\u00a0\u00bb4.24.3&Prime; _module_preset=\u00a0\u00bbdefault\u00a0\u00bb global_colors_info=\u00a0\u00bb{}\u00a0\u00bb]<\/p>\n<h2 style=\"text-align: left;\">Comment \u00e7a marche ?<\/h2>\n<p>[\/et_pb_text][et_pb_code _builder_version=\u00a0\u00bb4.24.3&Prime; _module_preset=\u00a0\u00bbdefault\u00a0\u00bb global_colors_info=\u00a0\u00bb{}\u00a0\u00bb]<\/p>\n<div class=\"grid _3\"><!-- [et_pb_line_break_holder] -->  <\/p>\n<article><!-- [et_pb_line_break_holder] -->    <\/p>\n<h3>1.<\/h3>\n<p><!-- [et_pb_line_break_holder] --><pee style=\"text-align: left;\">Direction notre <a href=\"https:\/\/mycaraddict.fr\/index.php\/commande-personnalisee\/\">formulaire de commande<\/a> afin que vous nous fournissiez les d\u00e9tails de vos attentes et de votre v\u00e9hicule.<\/pee><!-- [et_pb_line_break_holder] -->  <\/article>\n<p><!-- [et_pb_line_break_holder] -->  <\/p>\n<article><!-- [et_pb_line_break_holder] -->    <\/p>\n<h3>2.<\/h3>\n<p><!-- [et_pb_line_break_holder] --><pee style=\"text-align: left;\">Notre illustrateur prend en charge votre commande, et prendra contact avec vous afin d&rsquo;avoir plus d&rsquo;informations sur votre demande comme les dimensions d\u00e9sir\u00e9es, le support d&rsquo;impression, les couleurs etc&#8230; <\/pee><!-- [et_pb_line_break_holder] -->  <\/article>\n<p><!-- [et_pb_line_break_holder] -->  <\/p>\n<article><!-- [et_pb_line_break_holder] -->    <\/p>\n<h3>3.<\/h3>\n<p><!-- [et_pb_line_break_holder] --><pee style=\"text-align: left;\">Vous recevrez par mail sous 2 semaines votre illustration personnalis\u00e9e. Une fois valid\u00e9e par vos soins, nous l&rsquo;envoyons en impression et vous la recevrez directement chez vous !<\/pee><!-- [et_pb_line_break_holder] -->  <\/article>\n<p><!-- [et_pb_line_break_holder] --><\/div>\n<p>[\/et_pb_code][\/et_pb_column][\/et_pb_row][\/et_pb_section][et_pb_section fb_built=\u00a0\u00bb1&Prime; _builder_version=\u00a0\u00bb4.24.3&Prime; _module_preset=\u00a0\u00bbdefault\u00a0\u00bb custom_margin=\u00a0\u00bb0px||||false|false\u00a0\u00bb custom_padding=\u00a0\u00bb0px||0px||false|false\u00a0\u00bb global_colors_info=\u00a0\u00bb{}\u00a0\u00bb][et_pb_row _builder_version=\u00a0\u00bb4.24.3&Prime; _module_preset=\u00a0\u00bbdefault\u00a0\u00bb width=\u00a0\u00bb95%\u00a0\u00bb custom_padding=\u00a0\u00bb||0px||false|false\u00a0\u00bb global_colors_info=\u00a0\u00bb{}\u00a0\u00bb][et_pb_column type=\u00a0\u00bb4_4&Prime; _builder_version=\u00a0\u00bb4.24.3&Prime; _module_preset=\u00a0\u00bbdefault\u00a0\u00bb global_colors_info=\u00a0\u00bb{}\u00a0\u00bb][et_pb_text _builder_version=\u00a0\u00bb4.24.3&Prime; _module_preset=\u00a0\u00bbdefault\u00a0\u00bb global_colors_info=\u00a0\u00bb{}\u00a0\u00bb]<\/p>\n<h2 style=\"text-align: left;\">Quelques exemples de commandes<\/h2>\n<p>[\/et_pb_text][\/et_pb_column][\/et_pb_row][et_pb_row column_structure=\u00a0\u00bb1_3,1_3,1_3&Prime; use_custom_gutter=\u00a0\u00bbon\u00a0\u00bb gutter_width=\u00a0\u00bb2&Prime; _builder_version=\u00a0\u00bb4.24.3&Prime; _module_preset=\u00a0\u00bbdefault\u00a0\u00bb width=\u00a0\u00bb95%\u00a0\u00bb custom_padding=\u00a0\u00bb0px||0px||true|false\u00a0\u00bb global_colors_info=\u00a0\u00bb{}\u00a0\u00bb][et_pb_column type=\u00a0\u00bb1_3&Prime; _builder_version=\u00a0\u00bb4.24.3&Prime; _module_preset=\u00a0\u00bbdefault\u00a0\u00bb global_colors_info=\u00a0\u00bb{}\u00a0\u00bb][et_pb_image src=\u00a0\u00bbhttp:\/\/mycaraddict.fr\/wp-content\/uploads\/2024\/04\/mike.jpg\u00a0\u00bb title_text=\u00a0\u00bbmike\u00a0\u00bb _builder_version=\u00a0\u00bb4.24.3&Prime; _module_preset=\u00a0\u00bbdefault\u00a0\u00bb global_colors_info=\u00a0\u00bb{}\u00a0\u00bb][\/et_pb_image][\/et_pb_column][et_pb_column type=\u00a0\u00bb1_3&Prime; _builder_version=\u00a0\u00bb4.24.3&Prime; _module_preset=\u00a0\u00bbdefault\u00a0\u00bb global_colors_info=\u00a0\u00bb{}\u00a0\u00bb][et_pb_image src=\u00a0\u00bbhttp:\/\/mycaraddict.fr\/wp-content\/uploads\/2024\/04\/Chris.jpg\u00a0\u00bb title_text=\u00a0\u00bbChris\u00a0\u00bb _builder_version=\u00a0\u00bb4.24.3&Prime; _module_preset=\u00a0\u00bbdefault\u00a0\u00bb global_colors_info=\u00a0\u00bb{}\u00a0\u00bb][\/et_pb_image][\/et_pb_column][et_pb_column type=\u00a0\u00bb1_3&Prime; _builder_version=\u00a0\u00bb4.24.3&Prime; _module_preset=\u00a0\u00bbdefault\u00a0\u00bb global_colors_info=\u00a0\u00bb{}\u00a0\u00bb][et_pb_image src=\u00a0\u00bbhttp:\/\/mycaraddict.fr\/wp-content\/uploads\/2024\/04\/Quentin.png\u00a0\u00bb title_text=\u00a0\u00bbQuentin\u00a0\u00bb _builder_version=\u00a0\u00bb4.24.3&Prime; _module_preset=\u00a0\u00bbdefault\u00a0\u00bb global_colors_info=\u00a0\u00bb{}\u00a0\u00bb][\/et_pb_image][\/et_pb_column][\/et_pb_row][\/et_pb_section][et_pb_section fb_built=\u00a0\u00bb1&Prime; _builder_version=\u00a0\u00bb4.24.3&Prime; _module_preset=\u00a0\u00bbdefault\u00a0\u00bb global_colors_info=\u00a0\u00bb{}\u00a0\u00bb][et_pb_row _builder_version=\u00a0\u00bb4.24.3&Prime; _module_preset=\u00a0\u00bbdefault\u00a0\u00bb width=\u00a0\u00bb95%\u00a0\u00bb global_colors_info=\u00a0\u00bb{}\u00a0\u00bb][et_pb_column type=\u00a0\u00bb4_4&Prime; _builder_version=\u00a0\u00bb4.24.3&Prime; _module_preset=\u00a0\u00bbdefault\u00a0\u00bb global_colors_info=\u00a0\u00bb{}\u00a0\u00bb][et_pb_text _builder_version=\u00a0\u00bb4.24.3&Prime; _module_preset=\u00a0\u00bbdefault\u00a0\u00bb custom_margin=\u00a0\u00bb||0px||false|false\u00a0\u00bb global_colors_info=\u00a0\u00bb{}\u00a0\u00bb]<\/p>\n<h2 style=\"text-align: left;\">FAQ<\/h2>\n<p>[\/et_pb_text][et_pb_code _builder_version=\u00a0\u00bb4.24.3&Prime; _module_preset=\u00a0\u00bbdefault\u00a0\u00bb hover_enabled=\u00a0\u00bb0&Prime; global_colors_info=\u00a0\u00bb{}\u00a0\u00bb sticky_enabled=\u00a0\u00bb0&Prime;]<\/p>\n<div class=\"faq grid _1\"><!-- [et_pb_line_break_holder] -->  <\/p>\n<article><!-- [et_pb_line_break_holder] -->    <\/p>\n<div><!-- [et_pb_line_break_holder] -->       <\/p>\n<h3 class=\"text-lg\">Qu&rsquo;est ce qu&rsquo;une illustration vectorielle ?<\/h3>\n<p><!-- [et_pb_line_break_holder] -->      <span class=\"material-icons\"><!-- [et_pb_line_break_holder] -->add_circle_outline<!-- [et_pb_line_break_holder] --><\/span><!-- [et_pb_line_break_holder] -->    <\/div>\n<p><!-- [et_pb_line_break_holder] -->    <\/p>\n<div><!-- [et_pb_line_break_holder] -->      <pee><!-- [et_pb_line_break_holder] -->        Contrairement \u00e0 une photographie qui est compos\u00e9e de pixels, une illustration vectorielle est compos\u00e9e de vecteurs (une repr\u00e9sentation math\u00e9matique de trac\u00e9s). Il est donc possible d&rsquo;agrandir \u00e0 volont\u00e9 l&rsquo;illustration, sans se pr\u00e9occuper d&rsquo;avoir une mauvaise qualit\u00e9.<\/pee><!-- [et_pb_line_break_holder] -->    <\/div>\n<p><!-- [et_pb_line_break_holder] -->  <\/article>\n<p><!-- [et_pb_line_break_holder] -->   <\/p>\n<article><!-- [et_pb_line_break_holder] -->    <\/p>\n<div><!-- [et_pb_line_break_holder] -->       <\/p>\n<h3 class=\"text-lg\">Combien de temps prendra la r\u00e9alisation de mon tableau personnalis\u00e9 ?<\/h3>\n<p><!-- [et_pb_line_break_holder] -->      <span class=\"material-icons\"><!-- [et_pb_line_break_holder] -->add_circle_outline<!-- [et_pb_line_break_holder] --><\/span><!-- [et_pb_line_break_holder] -->    <\/div>\n<p><!-- [et_pb_line_break_holder] -->    <\/p>\n<div><!-- [et_pb_line_break_holder] -->      <pee><!-- [et_pb_line_break_holder] -->       La r\u00e9alisation de votre tableau peut prendre de 3 \u00e0 15 jours selon la complexit\u00e9. Chaque dessin est compos\u00e9 au minimum de 1000 trac\u00e9s pour obtenir le rendu souhait\u00e9.<\/pee><!-- [et_pb_line_break_holder] -->    <\/div>\n<p><!-- [et_pb_line_break_holder] -->  <\/article>\n<p><!-- [et_pb_line_break_holder] -->  <\/p>\n<article><!-- [et_pb_line_break_holder] -->    <\/p>\n<div><!-- [et_pb_line_break_holder] -->       <\/p>\n<h3 class=\"text-lg\">Avons-nous le fichier de cr\u00e9ation apr\u00e8s la commande ?<\/h3>\n<p><!-- [et_pb_line_break_holder] -->      <span class=\"material-icons\"><!-- [et_pb_line_break_holder] -->add_circle_outline<!-- [et_pb_line_break_holder] --><\/span><!-- [et_pb_line_break_holder] -->    <\/div>\n<p><!-- [et_pb_line_break_holder] -->    <\/p>\n<div><!-- [et_pb_line_break_holder] -->      <pee><!-- [et_pb_line_break_holder] -->        Pour chaque commande personnalis\u00e9e, nous d\u00e9livrons une version num\u00e9rique HD d&rsquo;une dimension suffisante pour \u00eatre exploit\u00e9e dans 90% des cas.<\/pee><!-- [et_pb_line_break_holder] -->      <pee><!-- [et_pb_line_break_holder] -->        Cependant, il est impossible pour nous de fournir les fichiers de cr\u00e9ations\/fichiers sources pour plusieurs raisons :<!\u2013- [et_pb_br_holder] -\u2013><!-- [et_pb_line_break_holder] -->        \u2013 Nous travaillons sur un logiciel bien sp\u00e9cifique. Dans la majorit\u00e9 des cas, cela n\u00e9cessite des outils adapt\u00e9s pour le visualiser et l\u2019\u00e9diter.<!\u2013- [et_pb_br_holder] -\u2013><!-- [et_pb_line_break_holder] -->        \u2013 Nous prot\u00e9geons nos \u0153uvres contre la reproduction \/ modification.<!\u2013- [et_pb_br_holder] -\u2013><!-- [et_pb_line_break_holder] -->        \u2013 La propri\u00e9t\u00e9 intellectuelle de l\u2019artiste<!-- [et_pb_line_break_holder] -->      <\/pee><!-- [et_pb_line_break_holder] -->    <\/div>\n<p><!-- [et_pb_line_break_holder] -->  <\/article>\n<p><!-- [et_pb_line_break_holder] --><\/div>\n<p>[\/et_pb_code][\/et_pb_column][\/et_pb_row][\/et_pb_section]<\/p>\n","protected":false},"excerpt":{"rendered":"<p>D\u00e9corez avec votre passion !Affichez fi\u00e8rement votre passion pour le monde de l&rsquo;automobile.Illustration vectorielle 100% sur mesure et impression sur poster, toile ou plexiglas.Nos derniers tableauxMyCarAddict, qu&rsquo;est ce que c&rsquo;est ?MyCarAddict est l\u00e0 o\u00f9 votre passion pour les voitures devient une \u0153uvre d&rsquo;art personnalis\u00e9e. Que ce soit pour d\u00e9corer votre garage, votre bureau ou votre [&hellip;]<\/p>\n","protected":false},"author":1,"featured_media":0,"parent":0,"menu_order":0,"comment_status":"closed","ping_status":"closed","template":"","meta":{"_et_pb_use_builder":"on","_et_pb_old_content":"","_et_gb_content_width":"","inline_featured_image":false,"footnotes":""},"class_list":["post-61","page","type-page","status-publish","hentry"],"_links":{"self":[{"href":"https:\/\/mycaraddict.fr\/index.php\/wp-json\/wp\/v2\/pages\/61","targetHints":{"allow":["GET"]}}],"collection":[{"href":"https:\/\/mycaraddict.fr\/index.php\/wp-json\/wp\/v2\/pages"}],"about":[{"href":"https:\/\/mycaraddict.fr\/index.php\/wp-json\/wp\/v2\/types\/page"}],"author":[{"embeddable":true,"href":"https:\/\/mycaraddict.fr\/index.php\/wp-json\/wp\/v2\/users\/1"}],"replies":[{"embeddable":true,"href":"https:\/\/mycaraddict.fr\/index.php\/wp-json\/wp\/v2\/comments?post=61"}],"version-history":[{"count":52,"href":"https:\/\/mycaraddict.fr\/index.php\/wp-json\/wp\/v2\/pages\/61\/revisions"}],"predecessor-version":[{"id":662,"href":"https:\/\/mycaraddict.fr\/index.php\/wp-json\/wp\/v2\/pages\/61\/revisions\/662"}],"wp:attachment":[{"href":"https:\/\/mycaraddict.fr\/index.php\/wp-json\/wp\/v2\/media?parent=61"}],"curies":[{"name":"wp","href":"https:\/\/api.w.org\/{rel}","templated":true}]}}